{"id":6653,"date":"2026-03-25T08:51:49","date_gmt":"2026-03-25T08:51:49","guid":{"rendered":"https:\/\/dbj3vg2jjb-staging.onrocket.site\/productora-de-videos-para-el-sector-salud-y-farmaceutico\/"},"modified":"2026-04-14T17:14:39","modified_gmt":"2026-04-14T17:14:39","slug":"productora-de-videos-para-el-sector-salud-y-farmaceutico","status":"publish","type":"page","link":"https:\/\/pharos.digital\/es\/productora-de-videos-para-el-sector-salud-y-farmaceutico\/","title":{"rendered":"Productora de v\u00eddeos para el sector salud y farmac\u00e9utico"},"content":{"rendered":"","protected":false},"excerpt":{"rendered":"","protected":false},"author":1,"featured_media":0,"parent":0,"menu_order":0,"comment_status":"closed","ping_status":"closed","template":"","meta":{"_seopress_robots_primary_cat":"","_seopress_titles_title":"Productora de v\u00eddeos para el Sector Salud y Farmac\u00e9utico: Informe y Genere Confianza","_seopress_titles_desc":"Producci\u00f3n audiovisual para el sector salud & pharma: contenidos creados para hacer comprensibles temas complejos, fortalecer la confianza y poner en valor sus innovaciones.","_seopress_robots_index":"","footnotes":""},"folder":[15],"class_list":["post-6653","page","type-page","status-publish","hentry"],"_links":{"self":[{"href":"https:\/\/pharos.digital\/es\/wp-json\/wp\/v2\/pages\/6653","targetHints":{"allow":["GET"]}}],"collection":[{"href":"https:\/\/pharos.digital\/es\/wp-json\/wp\/v2\/pages"}],"about":[{"href":"https:\/\/pharos.digital\/es\/wp-json\/wp\/v2\/types\/page"}],"author":[{"embeddable":true,"href":"https:\/\/pharos.digital\/es\/wp-json\/wp\/v2\/users\/1"}],"replies":[{"embeddable":true,"href":"https:\/\/pharos.digital\/es\/wp-json\/wp\/v2\/comments?post=6653"}],"version-history":[{"count":1,"href":"https:\/\/pharos.digital\/es\/wp-json\/wp\/v2\/pages\/6653\/revisions"}],"predecessor-version":[{"id":6655,"href":"https:\/\/pharos.digital\/es\/wp-json\/wp\/v2\/pages\/6653\/revisions\/6655"}],"wp:attachment":[{"href":"https:\/\/pharos.digital\/es\/wp-json\/wp\/v2\/media?parent=6653"}],"wp:term":[{"taxonomy":"folder","embeddable":true,"href":"https:\/\/pharos.digital\/es\/wp-json\/wp\/v2\/folder?post=6653"}],"curies":[{"name":"wp","href":"https:\/\/api.w.org\/{rel}","templated":true}]}}