{"id":6648,"date":"2026-03-24T10:34:47","date_gmt":"2026-03-24T10:34:47","guid":{"rendered":"https:\/\/dbj3vg2jjb-staging.onrocket.site\/produccion-de-video-para-saas-y-tecnologia\/"},"modified":"2026-04-16T07:10:46","modified_gmt":"2026-04-16T07:10:46","slug":"video-para-saas-y-tecnologia","status":"publish","type":"page","link":"https:\/\/pharos.digital\/es\/video-para-saas-y-tecnologia\/","title":{"rendered":"Producci\u00f3n de video para SaaS y tecnolog\u00eda"},"content":{"rendered":"","protected":false},"excerpt":{"rendered":"","protected":false},"author":1,"featured_media":0,"parent":0,"menu_order":0,"comment_status":"closed","ping_status":"closed","template":"","meta":{"_seopress_robots_primary_cat":"","_seopress_titles_title":"Producci\u00f3n de video para SaaS y tecnolog\u00eda | Aclare su mensaje y convierta m\u00e1s","_seopress_titles_desc":"Producci\u00f3n de video experta para SaaS y tecnolog\u00eda. Presente su soluci\u00f3n en video: una demostraci\u00f3n clara y did\u00e1ctica para acelerar la comprensi\u00f3n y aumentar la conversi\u00f3n.","_seopress_robots_index":"","footnotes":""},"folder":[15],"class_list":["post-6648","page","type-page","status-publish","hentry"],"_links":{"self":[{"href":"https:\/\/pharos.digital\/es\/wp-json\/wp\/v2\/pages\/6648","targetHints":{"allow":["GET"]}}],"collection":[{"href":"https:\/\/pharos.digital\/es\/wp-json\/wp\/v2\/pages"}],"about":[{"href":"https:\/\/pharos.digital\/es\/wp-json\/wp\/v2\/types\/page"}],"author":[{"embeddable":true,"href":"https:\/\/pharos.digital\/es\/wp-json\/wp\/v2\/users\/1"}],"replies":[{"embeddable":true,"href":"https:\/\/pharos.digital\/es\/wp-json\/wp\/v2\/comments?post=6648"}],"version-history":[{"count":2,"href":"https:\/\/pharos.digital\/es\/wp-json\/wp\/v2\/pages\/6648\/revisions"}],"predecessor-version":[{"id":6652,"href":"https:\/\/pharos.digital\/es\/wp-json\/wp\/v2\/pages\/6648\/revisions\/6652"}],"wp:attachment":[{"href":"https:\/\/pharos.digital\/es\/wp-json\/wp\/v2\/media?parent=6648"}],"wp:term":[{"taxonomy":"folder","embeddable":true,"href":"https:\/\/pharos.digital\/es\/wp-json\/wp\/v2\/folder?post=6648"}],"curies":[{"name":"wp","href":"https:\/\/api.w.org\/{rel}","templated":true}]}}