{"id":6635,"date":"2026-03-23T13:59:43","date_gmt":"2026-03-23T13:59:43","guid":{"rendered":"https:\/\/dbj3vg2jjb-staging.onrocket.site\/produccion-de-video-b2c\/"},"modified":"2026-04-14T14:04:39","modified_gmt":"2026-04-14T14:04:39","slug":"produccion-video-b2c","status":"publish","type":"page","link":"https:\/\/pharos.digital\/es\/produccion-video-b2c\/","title":{"rendered":"Producci\u00f3n de video B2C"},"content":{"rendered":"","protected":false},"excerpt":{"rendered":"","protected":false},"author":1,"featured_media":0,"parent":0,"menu_order":0,"comment_status":"closed","ping_status":"closed","template":"","meta":{"_seopress_robots_primary_cat":"","_seopress_titles_title":"Producci\u00f3n de Video B2C | Convertimos las visualizaciones en ventas","_seopress_titles_desc":"Capte la atenci\u00f3n y convierta en clientes con una producci\u00f3n de video B2C: contenido breve, atractivo y dise\u00f1ado para impulsar decisiones de compra r\u00e1pidas en sus prospectos.","_seopress_robots_index":"","footnotes":""},"folder":[15],"class_list":["post-6635","page","type-page","status-publish","hentry"],"_links":{"self":[{"href":"https:\/\/pharos.digital\/es\/wp-json\/wp\/v2\/pages\/6635","targetHints":{"allow":["GET"]}}],"collection":[{"href":"https:\/\/pharos.digital\/es\/wp-json\/wp\/v2\/pages"}],"about":[{"href":"https:\/\/pharos.digital\/es\/wp-json\/wp\/v2\/types\/page"}],"author":[{"embeddable":true,"href":"https:\/\/pharos.digital\/es\/wp-json\/wp\/v2\/users\/1"}],"replies":[{"embeddable":true,"href":"https:\/\/pharos.digital\/es\/wp-json\/wp\/v2\/comments?post=6635"}],"version-history":[{"count":2,"href":"https:\/\/pharos.digital\/es\/wp-json\/wp\/v2\/pages\/6635\/revisions"}],"predecessor-version":[{"id":6638,"href":"https:\/\/pharos.digital\/es\/wp-json\/wp\/v2\/pages\/6635\/revisions\/6638"}],"wp:attachment":[{"href":"https:\/\/pharos.digital\/es\/wp-json\/wp\/v2\/media?parent=6635"}],"wp:term":[{"taxonomy":"folder","embeddable":true,"href":"https:\/\/pharos.digital\/es\/wp-json\/wp\/v2\/folder?post=6635"}],"curies":[{"name":"wp","href":"https:\/\/api.w.org\/{rel}","templated":true}]}}