{"id":6632,"date":"2026-02-17T13:26:22","date_gmt":"2026-02-17T13:26:22","guid":{"rendered":"https:\/\/dbj3vg2jjb-staging.onrocket.site\/produccion-de-video-b2b\/"},"modified":"2026-04-14T13:50:41","modified_gmt":"2026-04-14T13:50:41","slug":"produccion-de-video-b2b","status":"publish","type":"page","link":"https:\/\/pharos.digital\/es\/produccion-de-video-b2b\/","title":{"rendered":"Producci\u00f3n de video B2B"},"content":{"rendered":"","protected":false},"excerpt":{"rendered":"","protected":false},"author":1,"featured_media":0,"parent":0,"menu_order":0,"comment_status":"closed","ping_status":"closed","template":"","meta":{"_seopress_robots_primary_cat":"","_seopress_titles_title":"Producci\u00f3n de video B2B | Convierta su mensaje en ventas","_seopress_titles_desc":"Expertos en producci\u00f3n de video B2B. Obtenga resultados: contenidos dise\u00f1ados para atraer, explicar y convertir a sus prospectos en clientes. Presupuesto en 24 h.  ","_seopress_robots_index":"","footnotes":""},"folder":[15],"class_list":["post-6632","page","type-page","status-publish","hentry"],"_links":{"self":[{"href":"https:\/\/pharos.digital\/es\/wp-json\/wp\/v2\/pages\/6632","targetHints":{"allow":["GET"]}}],"collection":[{"href":"https:\/\/pharos.digital\/es\/wp-json\/wp\/v2\/pages"}],"about":[{"href":"https:\/\/pharos.digital\/es\/wp-json\/wp\/v2\/types\/page"}],"author":[{"embeddable":true,"href":"https:\/\/pharos.digital\/es\/wp-json\/wp\/v2\/users\/1"}],"replies":[{"embeddable":true,"href":"https:\/\/pharos.digital\/es\/wp-json\/wp\/v2\/comments?post=6632"}],"version-history":[{"count":1,"href":"https:\/\/pharos.digital\/es\/wp-json\/wp\/v2\/pages\/6632\/revisions"}],"predecessor-version":[{"id":6634,"href":"https:\/\/pharos.digital\/es\/wp-json\/wp\/v2\/pages\/6632\/revisions\/6634"}],"wp:attachment":[{"href":"https:\/\/pharos.digital\/es\/wp-json\/wp\/v2\/media?parent=6632"}],"wp:term":[{"taxonomy":"folder","embeddable":true,"href":"https:\/\/pharos.digital\/es\/wp-json\/wp\/v2\/folder?post=6632"}],"curies":[{"name":"wp","href":"https:\/\/api.w.org\/{rel}","templated":true}]}}