{"id":6624,"date":"2026-03-16T14:00:41","date_gmt":"2026-03-16T14:00:41","guid":{"rendered":"https:\/\/dbj3vg2jjb-staging.onrocket.site\/video-promocional\/video-de-presentacion-del-producto\/"},"modified":"2026-04-16T07:09:39","modified_gmt":"2026-04-16T07:09:39","slug":"presentacion-producto","status":"publish","type":"page","link":"https:\/\/pharos.digital\/es\/video-promocional\/presentacion-producto\/","title":{"rendered":"Video de presentaci\u00f3n del producto"},"content":{"rendered":"","protected":false},"excerpt":{"rendered":"","protected":false},"author":1,"featured_media":0,"parent":6611,"menu_order":0,"comment_status":"closed","ping_status":"closed","template":"","meta":{"_seopress_robots_primary_cat":"","_seopress_titles_title":"V\u00eddeo de presentaci\u00f3n de producto | Demuestre y aumente sus ventas","_seopress_titles_desc":"Impulse sus ventas con un video de presentaci\u00f3n de producto: demostraci\u00f3n clara, beneficios destacados y contenido atractivo que convierte. Presupuesto en 24 h","_seopress_robots_index":"","footnotes":""},"folder":[19],"class_list":["post-6624","page","type-page","status-publish","hentry"],"_links":{"self":[{"href":"https:\/\/pharos.digital\/es\/wp-json\/wp\/v2\/pages\/6624","targetHints":{"allow":["GET"]}}],"collection":[{"href":"https:\/\/pharos.digital\/es\/wp-json\/wp\/v2\/pages"}],"about":[{"href":"https:\/\/pharos.digital\/es\/wp-json\/wp\/v2\/types\/page"}],"author":[{"embeddable":true,"href":"https:\/\/pharos.digital\/es\/wp-json\/wp\/v2\/users\/1"}],"replies":[{"embeddable":true,"href":"https:\/\/pharos.digital\/es\/wp-json\/wp\/v2\/comments?post=6624"}],"version-history":[{"count":1,"href":"https:\/\/pharos.digital\/es\/wp-json\/wp\/v2\/pages\/6624\/revisions"}],"predecessor-version":[{"id":6626,"href":"https:\/\/pharos.digital\/es\/wp-json\/wp\/v2\/pages\/6624\/revisions\/6626"}],"up":[{"embeddable":true,"href":"https:\/\/pharos.digital\/es\/wp-json\/wp\/v2\/pages\/6611"}],"wp:attachment":[{"href":"https:\/\/pharos.digital\/es\/wp-json\/wp\/v2\/media?parent=6624"}],"wp:term":[{"taxonomy":"folder","embeddable":true,"href":"https:\/\/pharos.digital\/es\/wp-json\/wp\/v2\/folder?post=6624"}],"curies":[{"name":"wp","href":"https:\/\/api.w.org\/{rel}","templated":true}]}}