{"id":6618,"date":"2026-03-16T11:35:36","date_gmt":"2026-03-16T11:35:36","guid":{"rendered":"https:\/\/pharos.digital\/video-promocional\/video-corporativo\/"},"modified":"2026-04-14T12:41:10","modified_gmt":"2026-04-14T12:41:10","slug":"video-corporativo","status":"publish","type":"page","link":"https:\/\/pharos.digital\/es\/video-promocional\/video-corporativo\/","title":{"rendered":"V\u00eddeo corporativo"},"content":{"rendered":"","protected":false},"excerpt":{"rendered":"","protected":false},"author":1,"featured_media":0,"parent":6611,"menu_order":0,"comment_status":"closed","ping_status":"closed","template":"","meta":{"_seopress_robots_primary_cat":"","_seopress_titles_title":"V\u00eddeo corporativo | Valore su empresa a trav\u00e9s de un v\u00eddeo","_seopress_titles_desc":"Cree un video corporativo de alto impacto: storytelling, imagen de marca y narrativa estrat\u00e9gica para convencer a sus clientes y socios. Solicite su presupuesto gratuito. ","_seopress_robots_index":"","footnotes":""},"folder":[19],"class_list":["post-6618","page","type-page","status-publish","hentry"],"_links":{"self":[{"href":"https:\/\/pharos.digital\/es\/wp-json\/wp\/v2\/pages\/6618","targetHints":{"allow":["GET"]}}],"collection":[{"href":"https:\/\/pharos.digital\/es\/wp-json\/wp\/v2\/pages"}],"about":[{"href":"https:\/\/pharos.digital\/es\/wp-json\/wp\/v2\/types\/page"}],"author":[{"embeddable":true,"href":"https:\/\/pharos.digital\/es\/wp-json\/wp\/v2\/users\/1"}],"replies":[{"embeddable":true,"href":"https:\/\/pharos.digital\/es\/wp-json\/wp\/v2\/comments?post=6618"}],"version-history":[{"count":1,"href":"https:\/\/pharos.digital\/es\/wp-json\/wp\/v2\/pages\/6618\/revisions"}],"predecessor-version":[{"id":6620,"href":"https:\/\/pharos.digital\/es\/wp-json\/wp\/v2\/pages\/6618\/revisions\/6620"}],"up":[{"embeddable":true,"href":"https:\/\/pharos.digital\/es\/wp-json\/wp\/v2\/pages\/6611"}],"wp:attachment":[{"href":"https:\/\/pharos.digital\/es\/wp-json\/wp\/v2\/media?parent=6618"}],"wp:term":[{"taxonomy":"folder","embeddable":true,"href":"https:\/\/pharos.digital\/es\/wp-json\/wp\/v2\/folder?post=6618"}],"curies":[{"name":"wp","href":"https:\/\/api.w.org\/{rel}","templated":true}]}}