{"id":6614,"date":"2026-03-16T10:27:31","date_gmt":"2026-03-16T10:27:31","guid":{"rendered":"https:\/\/dbj3vg2jjb-staging.onrocket.site\/video-promocional\/publicidad-en-tv\/"},"modified":"2026-04-14T12:31:02","modified_gmt":"2026-04-14T12:31:02","slug":"publicidad-en-tv","status":"publish","type":"page","link":"https:\/\/pharos.digital\/es\/video-promocional\/publicidad-en-tv\/","title":{"rendered":"Publicidad en TV"},"content":{"rendered":"","protected":false},"excerpt":{"rendered":"","protected":false},"author":1,"featured_media":0,"parent":6611,"menu_order":0,"comment_status":"closed","ping_status":"closed","template":"","meta":{"_seopress_robots_primary_cat":"","_seopress_titles_title":"Publicidad en TV | Agencia de video para impulsar su visibilidad","_seopress_titles_desc":"Impulse su notoriedad con publicidad en TV: un video impactante dise\u00f1ado para captar la atenci\u00f3n y generar resultados r\u00e1pidos. Presupuesto en 24H. ","_seopress_robots_index":"","footnotes":""},"folder":[19],"class_list":["post-6614","page","type-page","status-publish","hentry"],"_links":{"self":[{"href":"https:\/\/pharos.digital\/es\/wp-json\/wp\/v2\/pages\/6614","targetHints":{"allow":["GET"]}}],"collection":[{"href":"https:\/\/pharos.digital\/es\/wp-json\/wp\/v2\/pages"}],"about":[{"href":"https:\/\/pharos.digital\/es\/wp-json\/wp\/v2\/types\/page"}],"author":[{"embeddable":true,"href":"https:\/\/pharos.digital\/es\/wp-json\/wp\/v2\/users\/1"}],"replies":[{"embeddable":true,"href":"https:\/\/pharos.digital\/es\/wp-json\/wp\/v2\/comments?post=6614"}],"version-history":[{"count":2,"href":"https:\/\/pharos.digital\/es\/wp-json\/wp\/v2\/pages\/6614\/revisions"}],"predecessor-version":[{"id":6617,"href":"https:\/\/pharos.digital\/es\/wp-json\/wp\/v2\/pages\/6614\/revisions\/6617"}],"up":[{"embeddable":true,"href":"https:\/\/pharos.digital\/es\/wp-json\/wp\/v2\/pages\/6611"}],"wp:attachment":[{"href":"https:\/\/pharos.digital\/es\/wp-json\/wp\/v2\/media?parent=6614"}],"wp:term":[{"taxonomy":"folder","embeddable":true,"href":"https:\/\/pharos.digital\/es\/wp-json\/wp\/v2\/folder?post=6614"}],"curies":[{"name":"wp","href":"https:\/\/api.w.org\/{rel}","templated":true}]}}