{"id":6611,"date":"2026-02-11T15:42:37","date_gmt":"2026-02-11T15:42:37","guid":{"rendered":"https:\/\/dbj3vg2jjb-staging.onrocket.site\/video-promocional\/"},"modified":"2026-04-14T12:19:40","modified_gmt":"2026-04-14T12:19:40","slug":"video-promocional","status":"publish","type":"page","link":"https:\/\/pharos.digital\/es\/video-promocional\/","title":{"rendered":"Video promocional"},"content":{"rendered":"","protected":false},"excerpt":{"rendered":"","protected":false},"author":1,"featured_media":0,"parent":0,"menu_order":0,"comment_status":"closed","ping_status":"closed","template":"","meta":{"_seopress_robots_primary_cat":"","_seopress_titles_title":"V\u00eddeo promocional | Producci\u00f3n para impulsar sus ventas","_seopress_titles_desc":"Producci\u00f3n de videos promocionales: contenido publicitario atractivo dise\u00f1ado para captar la atenci\u00f3n, persuadir y convertir sus prospectos en clientes. Presupuesto en 24H. ","_seopress_robots_index":"","footnotes":""},"folder":[19],"class_list":["post-6611","page","type-page","status-publish","hentry"],"_links":{"self":[{"href":"https:\/\/pharos.digital\/es\/wp-json\/wp\/v2\/pages\/6611","targetHints":{"allow":["GET"]}}],"collection":[{"href":"https:\/\/pharos.digital\/es\/wp-json\/wp\/v2\/pages"}],"about":[{"href":"https:\/\/pharos.digital\/es\/wp-json\/wp\/v2\/types\/page"}],"author":[{"embeddable":true,"href":"https:\/\/pharos.digital\/es\/wp-json\/wp\/v2\/users\/1"}],"replies":[{"embeddable":true,"href":"https:\/\/pharos.digital\/es\/wp-json\/wp\/v2\/comments?post=6611"}],"version-history":[{"count":1,"href":"https:\/\/pharos.digital\/es\/wp-json\/wp\/v2\/pages\/6611\/revisions"}],"predecessor-version":[{"id":6613,"href":"https:\/\/pharos.digital\/es\/wp-json\/wp\/v2\/pages\/6611\/revisions\/6613"}],"wp:attachment":[{"href":"https:\/\/pharos.digital\/es\/wp-json\/wp\/v2\/media?parent=6611"}],"wp:term":[{"taxonomy":"folder","embeddable":true,"href":"https:\/\/pharos.digital\/es\/wp-json\/wp\/v2\/folder?post=6611"}],"curies":[{"name":"wp","href":"https:\/\/api.w.org\/{rel}","templated":true}]}}