{"id":6608,"date":"2026-03-17T09:20:47","date_gmt":"2026-03-17T09:20:47","guid":{"rendered":"https:\/\/dbj3vg2jjb-staging.onrocket.site\/estudio-de-animacion-3d\/animacion-3d-de-producto\/"},"modified":"2026-04-14T10:57:06","modified_gmt":"2026-04-14T10:57:06","slug":"animacion-3d-de-producto","status":"publish","type":"page","link":"https:\/\/pharos.digital\/es\/estudio-de-animacion-3d\/animacion-3d-de-producto\/","title":{"rendered":"Animaci\u00f3n 3D de Producto"},"content":{"rendered":"","protected":false},"excerpt":{"rendered":"","protected":false},"author":1,"featured_media":0,"parent":6589,"menu_order":0,"comment_status":"closed","ping_status":"closed","template":"","meta":{"_seopress_robots_primary_cat":"","_seopress_titles_title":"Animaci\u00f3n 3D de producto | V\u00eddeos fotorrealistas de alto impacto","_seopress_titles_desc":"Impulse sus ventas con animaci\u00f3n 3D de producto: visuales fotorrealistas que muestran cada detalle, captan la atenci\u00f3n y aceleran la compra. Presupuesto gratuito. ","_seopress_robots_index":"","footnotes":""},"folder":[18],"class_list":["post-6608","page","type-page","status-publish","hentry"],"_links":{"self":[{"href":"https:\/\/pharos.digital\/es\/wp-json\/wp\/v2\/pages\/6608","targetHints":{"allow":["GET"]}}],"collection":[{"href":"https:\/\/pharos.digital\/es\/wp-json\/wp\/v2\/pages"}],"about":[{"href":"https:\/\/pharos.digital\/es\/wp-json\/wp\/v2\/types\/page"}],"author":[{"embeddable":true,"href":"https:\/\/pharos.digital\/es\/wp-json\/wp\/v2\/users\/1"}],"replies":[{"embeddable":true,"href":"https:\/\/pharos.digital\/es\/wp-json\/wp\/v2\/comments?post=6608"}],"version-history":[{"count":1,"href":"https:\/\/pharos.digital\/es\/wp-json\/wp\/v2\/pages\/6608\/revisions"}],"predecessor-version":[{"id":6610,"href":"https:\/\/pharos.digital\/es\/wp-json\/wp\/v2\/pages\/6608\/revisions\/6610"}],"up":[{"embeddable":true,"href":"https:\/\/pharos.digital\/es\/wp-json\/wp\/v2\/pages\/6589"}],"wp:attachment":[{"href":"https:\/\/pharos.digital\/es\/wp-json\/wp\/v2\/media?parent=6608"}],"wp:term":[{"taxonomy":"folder","embeddable":true,"href":"https:\/\/pharos.digital\/es\/wp-json\/wp\/v2\/folder?post=6608"}],"curies":[{"name":"wp","href":"https:\/\/api.w.org\/{rel}","templated":true}]}}