{"id":6599,"date":"2026-03-17T13:59:39","date_gmt":"2026-03-17T13:59:39","guid":{"rendered":"https:\/\/dbj3vg2jjb-staging.onrocket.site\/estudio-de-animacion-3d\/animacion-3d-medica\/"},"modified":"2026-04-14T10:37:43","modified_gmt":"2026-04-14T10:37:43","slug":"animacion-3d-medica","status":"publish","type":"page","link":"https:\/\/pharos.digital\/es\/estudio-de-animacion-3d\/animacion-3d-medica\/","title":{"rendered":"Animaci\u00f3n 3D m\u00e9dica"},"content":{"rendered":"","protected":false},"excerpt":{"rendered":"","protected":false},"author":1,"featured_media":0,"parent":6589,"menu_order":0,"comment_status":"closed","ping_status":"closed","template":"","meta":{"_seopress_robots_primary_cat":"","_seopress_titles_title":"Animaci\u00f3n 3D m\u00e9dica | Video y visualizaci\u00f3n cient\u00edfica","_seopress_titles_desc":"Animaci\u00f3n m\u00e9dica 3D para hospitales, laboratorios y medtech: videos educativos y modelado anat\u00f3mico para destacar sus innovaciones. Presupuesto en 24H. ","_seopress_robots_index":"","footnotes":""},"folder":[18],"class_list":["post-6599","page","type-page","status-publish","hentry"],"_links":{"self":[{"href":"https:\/\/pharos.digital\/es\/wp-json\/wp\/v2\/pages\/6599","targetHints":{"allow":["GET"]}}],"collection":[{"href":"https:\/\/pharos.digital\/es\/wp-json\/wp\/v2\/pages"}],"about":[{"href":"https:\/\/pharos.digital\/es\/wp-json\/wp\/v2\/types\/page"}],"author":[{"embeddable":true,"href":"https:\/\/pharos.digital\/es\/wp-json\/wp\/v2\/users\/1"}],"replies":[{"embeddable":true,"href":"https:\/\/pharos.digital\/es\/wp-json\/wp\/v2\/comments?post=6599"}],"version-history":[{"count":3,"href":"https:\/\/pharos.digital\/es\/wp-json\/wp\/v2\/pages\/6599\/revisions"}],"predecessor-version":[{"id":6604,"href":"https:\/\/pharos.digital\/es\/wp-json\/wp\/v2\/pages\/6599\/revisions\/6604"}],"up":[{"embeddable":true,"href":"https:\/\/pharos.digital\/es\/wp-json\/wp\/v2\/pages\/6589"}],"wp:attachment":[{"href":"https:\/\/pharos.digital\/es\/wp-json\/wp\/v2\/media?parent=6599"}],"wp:term":[{"taxonomy":"folder","embeddable":true,"href":"https:\/\/pharos.digital\/es\/wp-json\/wp\/v2\/folder?post=6599"}],"curies":[{"name":"wp","href":"https:\/\/api.w.org\/{rel}","templated":true}]}}