{"id":6595,"date":"2026-03-17T15:49:48","date_gmt":"2026-03-17T15:49:48","guid":{"rendered":"https:\/\/dbj3vg2jjb-staging.onrocket.site\/estudio-de-animacion-3d\/animacion-3d-industrial\/"},"modified":"2026-04-14T10:25:44","modified_gmt":"2026-04-14T10:25:44","slug":"animacion-3d-industrial","status":"publish","type":"page","link":"https:\/\/pharos.digital\/es\/estudio-de-animacion-3d\/animacion-3d-industrial\/","title":{"rendered":"Animaci\u00f3n 3D industrial"},"content":{"rendered":"","protected":false},"excerpt":{"rendered":"","protected":false},"author":1,"featured_media":0,"parent":6589,"menu_order":0,"comment_status":"closed","ping_status":"closed","template":"","meta":{"_seopress_robots_primary_cat":"","_seopress_titles_title":"Animaci\u00f3n 3D Industrial: Videos para Maquinaria y Procesos","_seopress_titles_desc":"Animaci\u00f3n 3D industrial: videos t\u00e9cnicos, simulaciones de procesos y visualizaci\u00f3n de maquinaria para destacar sus soluciones y acelerar sus ventas.","_seopress_robots_index":"","footnotes":""},"folder":[18],"class_list":["post-6595","page","type-page","status-publish","hentry"],"_links":{"self":[{"href":"https:\/\/pharos.digital\/es\/wp-json\/wp\/v2\/pages\/6595","targetHints":{"allow":["GET"]}}],"collection":[{"href":"https:\/\/pharos.digital\/es\/wp-json\/wp\/v2\/pages"}],"about":[{"href":"https:\/\/pharos.digital\/es\/wp-json\/wp\/v2\/types\/page"}],"author":[{"embeddable":true,"href":"https:\/\/pharos.digital\/es\/wp-json\/wp\/v2\/users\/1"}],"replies":[{"embeddable":true,"href":"https:\/\/pharos.digital\/es\/wp-json\/wp\/v2\/comments?post=6595"}],"version-history":[{"count":2,"href":"https:\/\/pharos.digital\/es\/wp-json\/wp\/v2\/pages\/6595\/revisions"}],"predecessor-version":[{"id":6598,"href":"https:\/\/pharos.digital\/es\/wp-json\/wp\/v2\/pages\/6595\/revisions\/6598"}],"up":[{"embeddable":true,"href":"https:\/\/pharos.digital\/es\/wp-json\/wp\/v2\/pages\/6589"}],"wp:attachment":[{"href":"https:\/\/pharos.digital\/es\/wp-json\/wp\/v2\/media?parent=6595"}],"wp:term":[{"taxonomy":"folder","embeddable":true,"href":"https:\/\/pharos.digital\/es\/wp-json\/wp\/v2\/folder?post=6595"}],"curies":[{"name":"wp","href":"https:\/\/api.w.org\/{rel}","templated":true}]}}