{"id":6589,"date":"2026-02-17T09:28:19","date_gmt":"2026-02-17T09:28:19","guid":{"rendered":"https:\/\/dbj3vg2jjb-staging.onrocket.site\/estudio-de-animacion-3d\/"},"modified":"2026-04-14T09:52:09","modified_gmt":"2026-04-14T09:52:09","slug":"estudio-de-animacion-3d","status":"publish","type":"page","link":"https:\/\/pharos.digital\/es\/estudio-de-animacion-3d\/","title":{"rendered":"Estudio de animaci\u00f3n 3D"},"content":{"rendered":"","protected":false},"excerpt":{"rendered":"","protected":false},"author":1,"featured_media":0,"parent":0,"menu_order":0,"comment_status":"closed","ping_status":"closed","template":"","meta":{"_seopress_robots_primary_cat":"","_seopress_titles_title":"Estudio de Animaci\u00f3n 3D \u2013 Videos 3D realistas | Pharos Digital","_seopress_titles_desc":"Estudio de animaci\u00f3n 3D para empresas | V\u00eddeos 100 % a medida, modelado y renderizado fotorrealista para potenciar su comunicaci\u00f3n. Presupuesto gratuito en 24 h. ","_seopress_robots_index":"","footnotes":""},"folder":[18],"class_list":["post-6589","page","type-page","status-publish","hentry"],"_links":{"self":[{"href":"https:\/\/pharos.digital\/es\/wp-json\/wp\/v2\/pages\/6589","targetHints":{"allow":["GET"]}}],"collection":[{"href":"https:\/\/pharos.digital\/es\/wp-json\/wp\/v2\/pages"}],"about":[{"href":"https:\/\/pharos.digital\/es\/wp-json\/wp\/v2\/types\/page"}],"author":[{"embeddable":true,"href":"https:\/\/pharos.digital\/es\/wp-json\/wp\/v2\/users\/1"}],"replies":[{"embeddable":true,"href":"https:\/\/pharos.digital\/es\/wp-json\/wp\/v2\/comments?post=6589"}],"version-history":[{"count":1,"href":"https:\/\/pharos.digital\/es\/wp-json\/wp\/v2\/pages\/6589\/revisions"}],"predecessor-version":[{"id":6591,"href":"https:\/\/pharos.digital\/es\/wp-json\/wp\/v2\/pages\/6589\/revisions\/6591"}],"wp:attachment":[{"href":"https:\/\/pharos.digital\/es\/wp-json\/wp\/v2\/media?parent=6589"}],"wp:term":[{"taxonomy":"folder","embeddable":true,"href":"https:\/\/pharos.digital\/es\/wp-json\/wp\/v2\/folder?post=6589"}],"curies":[{"name":"wp","href":"https:\/\/api.w.org\/{rel}","templated":true}]}}