{"id":6580,"date":"2026-03-12T14:22:28","date_gmt":"2026-03-12T14:22:28","guid":{"rendered":"https:\/\/dbj3vg2jjb-staging.onrocket.site\/agencia-de-motion-design\/tutoriales-y-formacion\/"},"modified":"2026-04-14T09:17:58","modified_gmt":"2026-04-14T09:17:58","slug":"tutoriales-formacion","status":"publish","type":"page","link":"https:\/\/pharos.digital\/es\/agencia-de-motion-design\/tutoriales-formacion\/","title":{"rendered":"Tutoriales y formaci\u00f3n"},"content":{"rendered":"","protected":false},"excerpt":{"rendered":"","protected":false},"author":1,"featured_media":0,"parent":6559,"menu_order":0,"comment_status":"closed","ping_status":"closed","template":"","meta":{"_seopress_robots_primary_cat":"","_seopress_titles_title":"Agencia de videos tutoriales y formaci\u00f3n | Pharos Digital","_seopress_titles_desc":"Creaci\u00f3n de videos tutoriales y formativos: haga el aprendizaje m\u00e1s sencillo, potencie el valor de sus contenidos y conecte con su audiencia a trav\u00e9s de videos did\u00e1cticos.","_seopress_robots_index":"","footnotes":""},"folder":[17],"class_list":["post-6580","page","type-page","status-publish","hentry"],"_links":{"self":[{"href":"https:\/\/pharos.digital\/es\/wp-json\/wp\/v2\/pages\/6580","targetHints":{"allow":["GET"]}}],"collection":[{"href":"https:\/\/pharos.digital\/es\/wp-json\/wp\/v2\/pages"}],"about":[{"href":"https:\/\/pharos.digital\/es\/wp-json\/wp\/v2\/types\/page"}],"author":[{"embeddable":true,"href":"https:\/\/pharos.digital\/es\/wp-json\/wp\/v2\/users\/1"}],"replies":[{"embeddable":true,"href":"https:\/\/pharos.digital\/es\/wp-json\/wp\/v2\/comments?post=6580"}],"version-history":[{"count":2,"href":"https:\/\/pharos.digital\/es\/wp-json\/wp\/v2\/pages\/6580\/revisions"}],"predecessor-version":[{"id":6583,"href":"https:\/\/pharos.digital\/es\/wp-json\/wp\/v2\/pages\/6580\/revisions\/6583"}],"up":[{"embeddable":true,"href":"https:\/\/pharos.digital\/es\/wp-json\/wp\/v2\/pages\/6559"}],"wp:attachment":[{"href":"https:\/\/pharos.digital\/es\/wp-json\/wp\/v2\/media?parent=6580"}],"wp:term":[{"taxonomy":"folder","embeddable":true,"href":"https:\/\/pharos.digital\/es\/wp-json\/wp\/v2\/folder?post=6580"}],"curies":[{"name":"wp","href":"https:\/\/api.w.org\/{rel}","templated":true}]}}