{"id":6573,"date":"2026-03-12T15:33:00","date_gmt":"2026-03-12T15:33:00","guid":{"rendered":"https:\/\/dbj3vg2jjb-staging.onrocket.site\/agencia-de-motion-design\/snack-content-social-ads\/"},"modified":"2026-04-14T09:02:10","modified_gmt":"2026-04-14T09:02:10","slug":"snack-content-social-ads","status":"publish","type":"page","link":"https:\/\/pharos.digital\/es\/agencia-de-motion-design\/snack-content-social-ads\/","title":{"rendered":"Snack Content \/ Social Ads"},"content":{"rendered":"","protected":false},"excerpt":{"rendered":"","protected":false},"author":1,"featured_media":0,"parent":6559,"menu_order":0,"comment_status":"closed","ping_status":"closed","template":"","meta":{"_seopress_robots_primary_cat":"","_seopress_titles_title":"Agencia Snack Content y Social Ads | Pharos Digital","_seopress_titles_desc":"Snack Content para redes sociales: videos cortos y de alto impacto dise\u00f1ados para potenciar su visibilidad y aumentar al m\u00e1ximo la interacci\u00f3n de su audiencia.","_seopress_robots_index":"","footnotes":""},"folder":[17],"class_list":["post-6573","page","type-page","status-publish","hentry"],"_links":{"self":[{"href":"https:\/\/pharos.digital\/es\/wp-json\/wp\/v2\/pages\/6573","targetHints":{"allow":["GET"]}}],"collection":[{"href":"https:\/\/pharos.digital\/es\/wp-json\/wp\/v2\/pages"}],"about":[{"href":"https:\/\/pharos.digital\/es\/wp-json\/wp\/v2\/types\/page"}],"author":[{"embeddable":true,"href":"https:\/\/pharos.digital\/es\/wp-json\/wp\/v2\/users\/1"}],"replies":[{"embeddable":true,"href":"https:\/\/pharos.digital\/es\/wp-json\/wp\/v2\/comments?post=6573"}],"version-history":[{"count":3,"href":"https:\/\/pharos.digital\/es\/wp-json\/wp\/v2\/pages\/6573\/revisions"}],"predecessor-version":[{"id":6579,"href":"https:\/\/pharos.digital\/es\/wp-json\/wp\/v2\/pages\/6573\/revisions\/6579"}],"up":[{"embeddable":true,"href":"https:\/\/pharos.digital\/es\/wp-json\/wp\/v2\/pages\/6559"}],"wp:attachment":[{"href":"https:\/\/pharos.digital\/es\/wp-json\/wp\/v2\/media?parent=6573"}],"wp:term":[{"taxonomy":"folder","embeddable":true,"href":"https:\/\/pharos.digital\/es\/wp-json\/wp\/v2\/folder?post=6573"}],"curies":[{"name":"wp","href":"https:\/\/api.w.org\/{rel}","templated":true}]}}