{"id":6571,"date":"2026-02-17T10:18:20","date_gmt":"2026-02-17T10:18:20","guid":{"rendered":"https:\/\/dbj3vg2jjb-staging.onrocket.site\/agencia-de-motion-design\/demo-de-app-y-saas\/"},"modified":"2026-04-15T09:27:50","modified_gmt":"2026-04-15T09:27:50","slug":"demo-de-app-y-saas","status":"publish","type":"page","link":"https:\/\/pharos.digital\/es\/agencia-de-motion-design\/demo-de-app-y-saas\/","title":{"rendered":"Demo de app y SaaS"},"content":{"rendered":"","protected":false},"excerpt":{"rendered":"","protected":false},"author":1,"featured_media":0,"parent":6559,"menu_order":0,"comment_status":"closed","ping_status":"closed","template":"","meta":{"_seopress_robots_primary_cat":"","_seopress_titles_title":"Creaci\u00f3n de demos personalizadas para aplicaciones SaaS | Pharos Digital","_seopress_titles_desc":"Demostraci\u00f3n de su aplicaci\u00f3n SaaS: destaque sus funcionalidades, potencie el valor de su producto y convierta a sus visitantes. Presupuesto disponible en 24 h. ","_seopress_robots_index":"","footnotes":""},"folder":[17],"class_list":["post-6571","page","type-page","status-publish","hentry"],"_links":{"self":[{"href":"https:\/\/pharos.digital\/es\/wp-json\/wp\/v2\/pages\/6571","targetHints":{"allow":["GET"]}}],"collection":[{"href":"https:\/\/pharos.digital\/es\/wp-json\/wp\/v2\/pages"}],"about":[{"href":"https:\/\/pharos.digital\/es\/wp-json\/wp\/v2\/types\/page"}],"author":[{"embeddable":true,"href":"https:\/\/pharos.digital\/es\/wp-json\/wp\/v2\/users\/1"}],"replies":[{"embeddable":true,"href":"https:\/\/pharos.digital\/es\/wp-json\/wp\/v2\/comments?post=6571"}],"version-history":[{"count":1,"href":"https:\/\/pharos.digital\/es\/wp-json\/wp\/v2\/pages\/6571\/revisions"}],"predecessor-version":[{"id":6755,"href":"https:\/\/pharos.digital\/es\/wp-json\/wp\/v2\/pages\/6571\/revisions\/6755"}],"up":[{"embeddable":true,"href":"https:\/\/pharos.digital\/es\/wp-json\/wp\/v2\/pages\/6559"}],"wp:attachment":[{"href":"https:\/\/pharos.digital\/es\/wp-json\/wp\/v2\/media?parent=6571"}],"wp:term":[{"taxonomy":"folder","embeddable":true,"href":"https:\/\/pharos.digital\/es\/wp-json\/wp\/v2\/folder?post=6571"}],"curies":[{"name":"wp","href":"https:\/\/api.w.org\/{rel}","templated":true}]}}