{"id":6554,"date":"2026-02-23T11:10:15","date_gmt":"2026-02-23T11:10:15","guid":{"rendered":"https:\/\/pharos.digital\/contacto\/"},"modified":"2026-04-20T15:02:54","modified_gmt":"2026-04-20T15:02:54","slug":"contacto","status":"publish","type":"page","link":"https:\/\/pharos.digital\/es\/contacto\/","title":{"rendered":"Contacto"},"content":{"rendered":"","protected":false},"excerpt":{"rendered":"","protected":false},"author":1,"featured_media":0,"parent":0,"menu_order":0,"comment_status":"closed","ping_status":"closed","template":"","meta":{"_seopress_robots_primary_cat":"","_seopress_titles_title":"Contacto \u2013 Presupuesto en 24 horas | Pharos Digital","_seopress_titles_desc":"P\u00f3ngase en contacto con Pharos Digital para sus proyectos de v\u00eddeo, motion design o marketing digital. Reciba una respuesta r\u00e1pida y un presupuesto personalizado en 24 h.","_seopress_robots_index":"yes","footnotes":""},"folder":[13],"class_list":["post-6554","page","type-page","status-publish","hentry"],"_links":{"self":[{"href":"https:\/\/pharos.digital\/es\/wp-json\/wp\/v2\/pages\/6554","targetHints":{"allow":["GET"]}}],"collection":[{"href":"https:\/\/pharos.digital\/es\/wp-json\/wp\/v2\/pages"}],"about":[{"href":"https:\/\/pharos.digital\/es\/wp-json\/wp\/v2\/types\/page"}],"author":[{"embeddable":true,"href":"https:\/\/pharos.digital\/es\/wp-json\/wp\/v2\/users\/1"}],"replies":[{"embeddable":true,"href":"https:\/\/pharos.digital\/es\/wp-json\/wp\/v2\/comments?post=6554"}],"version-history":[{"count":4,"href":"https:\/\/pharos.digital\/es\/wp-json\/wp\/v2\/pages\/6554\/revisions"}],"predecessor-version":[{"id":7116,"href":"https:\/\/pharos.digital\/es\/wp-json\/wp\/v2\/pages\/6554\/revisions\/7116"}],"wp:attachment":[{"href":"https:\/\/pharos.digital\/es\/wp-json\/wp\/v2\/media?parent=6554"}],"wp:term":[{"taxonomy":"folder","embeddable":true,"href":"https:\/\/pharos.digital\/es\/wp-json\/wp\/v2\/folder?post=6554"}],"curies":[{"name":"wp","href":"https:\/\/api.w.org\/{rel}","templated":true}]}}